{"id":4426,"date":"2017-09-18T07:47:14","date_gmt":"2017-09-18T07:47:14","guid":{"rendered":"http:\/\/buicil.ch\/homepage-buicil-2\/"},"modified":"2026-03-25T18:02:49","modified_gmt":"2026-03-25T17:02:49","slug":"homepage-buicil-2","status":"publish","type":"page","link":"https:\/\/buicil.ch\/en\/","title":{"rendered":"Homepage BuiCil"},"content":{"rendered":"<div class=\"wpb-content-wrapper\"><p>[vc_row disable_background_image=&#8221;&#8221; simple_background_image=&#8221;3584&#8243; css=&#8221;.vc_custom_1768905594230{padding-top: 150px !important;padding-bottom: 100px !important;}&#8221; el_class=&#8221;header-section&#8221;][vc_column width=&#8221;1\/2&#8243;][\/vc_column][vc_column width=&#8221;1\/2&#8243;][vc_row_inner][vc_column_inner][vc_custom_heading text=&#8221;Are your brows really right for you?&#8221; font_container=&#8221;tag:h1|font_size:60px|text_align:left|color:%23000000|line_height:1em&#8221; css=&#8221;.vc_custom_1774006544744{margin-bottom: 35px !important;}&#8221; el_class=&#8221;header-title titre-home&#8221;][vc_column_text css=&#8221;&#8221;]<\/p>\n<p style=\"font-size: 18px; line-height: 1.6; margin: 0; color: #cbbfb5;\">At BuiCil, we believe your brow shape should not be driven by trends, but by your facial features.<\/p>\n<p>[\/vc_column_text][vc_empty_space height=&#8221;20px&#8221;][vc_column_text css=&#8221;&#8221;]A unique shape that finally reveals your beauty !<\/p>\n<p>That&#8217;s why we created BrowReveal :<\/p>\n<p>The only Swiss personalized simulation tool that allows you to visualize your ideal brows before any treatment \u2013 and avoid disappointing results.[\/vc_column_text][vc_empty_space height=&#8221;40px&#8221;][vc_btn title=&#8221;Discover BrowReveal&#8221; style=&#8221;flat&#8221; shape=&#8221;square&#8221; color=&#8221;chino&#8221; size=&#8221;lg&#8221; align=&#8221;center&#8221; css=&#8221;.vc_custom_1774006406744{margin-bottom: 0px !important;padding-right: 0px !important;padding-left: 0px !important;}&#8221; link=&#8221;url:https%3A%2F%2Fbuicil.ch%2Fen%2Fbrowreveal%2F|title:BrowReveal|&#8221;][vc_empty_space height=&#8221;20px&#8221;][vc_column_text css=&#8221;&#8221;]<span style=\"color: #7f7f7f;\">Remote \u2013 Photo-based \u2013 <\/span><span style=\"color: #7f7f7f;\">The BrowReveal simulation fee is deducted if you proceed with the treatment<\/span>[\/vc_column_text][\/vc_column_inner][\/vc_row_inner][\/vc_column][\/vc_row][vc_row row_content_width=&#8221;grid&#8221; disable_background_image=&#8221;&#8221; content_text_aligment=&#8221;left&#8221; css=&#8221;.vc_custom_1527494141381{padding-top: 92px !important;padding-bottom: 110px !important;}&#8221; simple_background_image=&#8221;3444&#8243; el_class=&#8221;homeback1 home-desktop&#8221; anchor=&#8221;homeback1&#8243;][vc_column offset=&#8221;vc_hidden-md vc_hidden-sm vc_hidden-xs&#8221;]<div class=\"mkdf-elements-holder   mkdf-two-columns  mkdf-responsive-mode-1024 \" ><div class=\"mkdf-eh-item    \"  data-item-class=\"mkdf-eh-custom-5978\" data-1280-1600=\"0 14% 0 0\"  data-768-1024=\"0 26% 0 0\" data-680-768=\"0px 12% 0 0\" data-680=\"0px\">\n\t\t<div class=\"mkdf-eh-item-inner\">\n\t\t<div class=\"mkdf-eh-item-content mkdf-eh-custom-5978\" style=\"padding: 0 14% 0 0\">\n\t\t\t<div class=\"mkdf-section-title-holder  mkdf-st-standard mkdf-st-title-left mkdf-st-normal-space \" style=\"text-align: left\">\n\t<div class=\"mkdf-st-inner\">\n\t\t\n\t\t\t\t\t\t\t<h2 class=\"mkdf-st-title\" >\n\t\t\t\tPr\u00e9sentation\t\t\t<\/h2>\n\t\t\t\t\t<\/div>\n<\/div>[vc_column_text css=&#8221;&#8221;]<\/p>\n<p class=\"presentation-intro\">At <strong>BuiCil<\/strong>, every treatment is performed with precision and expertise, taking into account your facial morphology and the natural growth of your brows, for a harmonious and natural result.<\/p>\n<ul>\n<li><strong>Brows:<\/strong> threading, brow reshaping, microblading, correction and targeted tattoo removal, various tinting techniques.<\/li>\n<li style=\"margin-bottom: 10px;\"><\/li>\n<li><strong>Lashes:<\/strong> lash lift, extensions and tint.<\/li>\n<li style=\"margin-bottom: 10px;\"><\/li>\n<li><strong>Face:<\/strong> facial threading.<\/li>\n<\/ul>\n<p>For brows, our approach goes far beyond a simple treatment. Each case begins with a <strong>personalized analysis<\/strong>, with the possibility to preview the result in advance through a custom <strong>simulation <\/strong>based on your photo.<\/p>\n<p>This step allows you to better visualize the outcome, correct a previous microblading if needed, and make your decision with confidence.[\/vc_column_text][vc_empty_space height=&#8221;43px&#8221;]\t\t<\/div>\n\t<\/div>\n<\/div><div class=\"mkdf-eh-item    \"  data-item-class=\"mkdf-eh-custom-7129\" data-1024-1280=\"64px 0 34px 5%\" data-768-1024=\"70px 0 0\" data-680-768=\"70px 0 0\" data-680=\"70px 0 0\">\n\t\t<div class=\"mkdf-eh-item-inner\">\n\t\t<div class=\"mkdf-eh-item-content mkdf-eh-custom-7129\" style=\"padding: 9px 0 0 5%\">\n\t\t\t[vc_column_text]<\/p>\n<div style=\"width: 640px;\" class=\"wp-video\"><video class=\"wp-video-shortcode\" id=\"video-4426-1\" width=\"640\" height=\"360\" poster=\"http:\/\/buicil.ch\/wp-content\/uploads\/2018\/01\/poster-image.jpg\" preload=\"metadata\" controls=\"controls\"><source type=\"video\/mp4\" src=\"http:\/\/buicil.ch\/wp-content\/themes\/aviana-child\/video\/Buicil_video_presentation_170118_web.mp4?_=1\" \/><a href=\"http:\/\/buicil.ch\/wp-content\/themes\/aviana-child\/video\/Buicil_video_presentation_170118_web.mp4\">http:\/\/buicil.ch\/wp-content\/themes\/aviana-child\/video\/Buicil_video_presentation_170118_web.mp4<\/a><\/video><\/div>\n<p>[\/vc_column_text]\t\t<\/div>\n\t<\/div>\n<\/div><\/div>[\/vc_column][\/vc_row][vc_row row_content_width=&#8221;grid&#8221; disable_background_image=&#8221;&#8221; content_text_aligment=&#8221;left&#8221; css=&#8221;.vc_custom_1527494241092{padding-top: 10px !important;padding-bottom: 60px !important;}&#8221; simple_background_image=&#8221;3444&#8243; el_class=&#8221;homeback1&#8243; anchor=&#8221;homeback1&#8243;][vc_column offset=&#8221;vc_hidden-lg&#8221;]<div class=\"mkdf-elements-holder   mkdf-two-columns  mkdf-responsive-mode-1024 \" ><div class=\"mkdf-eh-item    \"  data-item-class=\"mkdf-eh-custom-3845\" data-1280-1600=\"0 14% 0 0\"  data-768-1024=\"0 26% 0 0\" data-680-768=\"0px 12% 0 0\" data-680=\"0px\">\n\t\t<div class=\"mkdf-eh-item-inner\">\n\t\t<div class=\"mkdf-eh-item-content mkdf-eh-custom-3845\" style=\"padding: 0 14% 0 0\">\n\t\t\t<div class=\"mkdf-section-title-holder  mkdf-st-standard mkdf-st-title-left mkdf-st-normal-space \" style=\"text-align: left\">\n\t<div class=\"mkdf-st-inner\">\n\t\t\n\t\t\t\t\t\t\t<h2 class=\"mkdf-st-title\" >\n\t\t\t\tPr\u00e9sentation\t\t\t<\/h2>\n\t\t\t\t\t<\/div>\n<\/div>[vc_column_text css=&#8221;&#8221;]<\/p>\n<div>\n<p>Founded in 2012, BuiCil is a brow and lash institute specializing the treading. It is the first salon in the Geneva region entirely dedicated to eye beauty. We offer a range of tailored services.<\/p>\n<ul>\n<li><strong>For your brows:<\/strong> threading, microblading and various tinting techniques.<\/li>\n<li><strong>For your lashes:<\/strong> extensions, lash lift, and tint<\/li>\n<li><strong>For your face:<\/strong> threading.<\/li>\n<\/ul>\n<p>We reveal the natural beauty of every woman through personalized analyses and treatments tailored to your face. We care for your skin and eyes using high-quality, natural products.<\/p>\n<\/div>\n<p>[\/vc_column_text][vc_empty_space height=&#8221;43px&#8221;]\t\t<\/div>\n\t<\/div>\n<\/div><div class=\"mkdf-eh-item    \"  data-item-class=\"mkdf-eh-custom-7673\" data-1024-1280=\"64px 0 34px 5%\" data-768-1024=\"70px 0 0\" data-680-768=\"70px 0 0\" data-680=\"70px 0 0\">\n\t\t<div class=\"mkdf-eh-item-inner\">\n\t\t<div class=\"mkdf-eh-item-content mkdf-eh-custom-7673\" style=\"padding: 9px 0 0 5%\">\n\t\t\t[vc_column_text]<\/p>\n<div style=\"width: 640px;\" class=\"wp-video\"><video class=\"wp-video-shortcode\" id=\"video-4426-2\" width=\"640\" height=\"360\" poster=\"http:\/\/buicil.ch\/wp-content\/uploads\/2018\/01\/poster-image.jpg\" preload=\"metadata\" controls=\"controls\"><source type=\"video\/mp4\" src=\"http:\/\/buicil.ch\/wp-content\/themes\/aviana-child\/video\/Buicil_video_presentation_170118_web.mp4?_=2\" \/><a href=\"http:\/\/buicil.ch\/wp-content\/themes\/aviana-child\/video\/Buicil_video_presentation_170118_web.mp4\">http:\/\/buicil.ch\/wp-content\/themes\/aviana-child\/video\/Buicil_video_presentation_170118_web.mp4<\/a><\/video><\/div>\n<p>[\/vc_column_text]\t\t<\/div>\n\t<\/div>\n<\/div><\/div>[\/vc_column][\/vc_row][vc_row row_content_width=&#8221;grid&#8221; content_text_aligment=&#8221;center&#8221; css=&#8221;.vc_custom_1519888214320{padding-bottom: 20px !important;}&#8221;][vc_column]<div class=\"mkdf-elements-holder   mkdf-one-column  mkdf-responsive-mode-768 \" ><div class=\"mkdf-eh-item  mkdf-vertical-alignment-top mkdf-horizontal-alignment-center \"  data-item-class=\"mkdf-eh-custom-9947\" data-1280-1600=\"0px 12%\" data-1024-1280=\"0px 7%\" data-768-1024=\"0px 5%\" data-680-768=\"0px\" data-680=\"0px\">\n\t\t<div class=\"mkdf-eh-item-inner\">\n\t\t<div class=\"mkdf-eh-item-content mkdf-eh-custom-9947\" style=\"padding: 0px 14% 4%\">\n\t\t\t<div class=\"mkdf-section-title-holder  mkdf-st-standard mkdf-st-title-left mkdf-st-normal-space \" style=\"text-align: center\">\n\t<div class=\"mkdf-st-inner\">\n\t\t\n\t\t\t\t\t\t\t<h2 class=\"mkdf-st-title\" >\n\t\t\t\tNos services\t\t\t<\/h2>\n\t\t\t\t\t<\/div>\n<\/div>\t\t<\/div>\n\t<\/div>\n<\/div><\/div>[\/vc_column][\/vc_row][vc_row full_width=&#8221;stretch_row_content_no_spaces&#8221; el_class=&#8221;box_row_hover&#8221; css=&#8221;.vc_custom_1526632983321{padding-right: -20px !important;padding-left: -20px !important;}&#8221;][vc_column width=&#8221;1\/4&#8243;][vc_hoverbox image=&#8221;3686&#8243; primary_title=&#8221;Eyebrows&#8221; hover_title=&#8221;Eyebrows&#8221; shape=&#8221;square&#8221; hover_background_color=&#8221;custom&#8221; color=&#8221;#000000&#8243; font-size=&#8221;24px&#8221;]<a itemprop=\"url\" href=\"\/brows\/\" target=\"_self\" style=\"color: #ffffff;font-size: 16px\" class=\"mkdf-btn mkdf-btn-medium mkdf-btn-outline mkdf-btn-custom-hover-bg mkdf-btn-custom-border-hover mkdf-btn-custom-hover-color\"  >\n    <span class=\"mkdf-btn-text\">Discover our offers<\/span>\n    <i class=\"mkdf-icon-font-awesome fa  \" ><\/i>\t<\/a>[\/vc_hoverbox][\/vc_column][vc_column width=&#8221;1\/4&#8243;][vc_hoverbox image=&#8221;3687&#8243; primary_title=&#8221;Lashes&#8221; hover_title=&#8221;Lashes&#8221; shape=&#8221;square&#8221; hover_background_color=&#8221;custom&#8221; color=&#8221;#000000&#8243; font-size=&#8221;24px&#8221;]<a itemprop=\"url\" href=\"\/cils\/\" target=\"_self\" style=\"color: #ffffff;font-size: 16px\" class=\"mkdf-btn mkdf-btn-medium mkdf-btn-outline mkdf-btn-custom-hover-bg mkdf-btn-custom-border-hover mkdf-btn-custom-hover-color\"  >\n    <span class=\"mkdf-btn-text\">Discover our offers<\/span>\n    <i class=\"mkdf-icon-font-awesome fa  \" ><\/i>\t<\/a>[\/vc_hoverbox][\/vc_column][vc_column width=&#8221;1\/4&#8243;][vc_hoverbox image=&#8221;3688&#8243; primary_title=&#8221;Face&#8221; hover_title=&#8221;Face&#8221; shape=&#8221;square&#8221; hover_background_color=&#8221;custom&#8221; color=&#8221;#000000&#8243; font-size=&#8221;24px&#8221;]<a itemprop=\"url\" href=\"\/visage\/\" target=\"_self\" style=\"color: #ffffff;font-size: 16px\" class=\"mkdf-btn mkdf-btn-medium mkdf-btn-outline mkdf-btn-custom-hover-bg mkdf-btn-custom-border-hover mkdf-btn-custom-hover-color\"  >\n    <span class=\"mkdf-btn-text\">Discover our offers<\/span>\n    <i class=\"mkdf-icon-font-awesome fa  \" ><\/i>\t<\/a>[\/vc_hoverbox][\/vc_column][vc_column width=&#8221;1\/4&#8243;][vc_hoverbox image=&#8221;4537&#8243; primary_title=&#8221;Our Subscriptions&#8221; hover_title=&#8221;Our Subscriptions&#8221; shape=&#8221;square&#8221; hover_background_color=&#8221;custom&#8221; color=&#8221;#000000&#8243; font-size=&#8221;24px&#8221;]<a itemprop=\"url\" href=\"\/our%20subscriptions\/\" target=\"_self\" style=\"color: #ffffff;font-size: 16px\" class=\"mkdf-btn mkdf-btn-medium mkdf-btn-outline mkdf-btn-custom-hover-bg mkdf-btn-custom-border-hover mkdf-btn-custom-hover-color\"  >\n    <span class=\"mkdf-btn-text\">Global Beauty<\/span>\n    <i class=\"mkdf-icon-font-awesome fa  \" ><\/i>\t<\/a>[\/vc_hoverbox][\/vc_column][\/vc_row][vc_row row_content_width=&#8221;grid&#8221; disable_background_image=&#8221;&#8221; content_text_aligment=&#8221;left&#8221; css=&#8221;.vc_custom_1525358671966{padding-top: 60px !important;}&#8221; simple_background_image=&#8221;3449&#8243;][vc_column]<div class=\"mkdf-elements-holder   mkdf-one-column  mkdf-responsive-mode-768 \" ><div class=\"mkdf-eh-item   mkdf-horizontal-alignment-center \"  data-item-class=\"mkdf-eh-custom-3484\" data-1280-1600=\"0px 12%\" data-1024-1280=\"0px 7%\" data-768-1024=\"0px 5%\" data-680-768=\"0px\" data-680=\"0px\">\n\t\t<div class=\"mkdf-eh-item-inner\">\n\t\t<div class=\"mkdf-eh-item-content mkdf-eh-custom-3484\" style=\"padding: 0px 14%\">\n\t\t\t<div class=\"mkdf-section-title-holder  mkdf-st-standard mkdf-st-title-left mkdf-st-normal-space \" style=\"text-align: center\">\n\t<div class=\"mkdf-st-inner\">\n\t\t\n\t\t\t\t\t\t\t<h2 class=\"mkdf-st-title\" >\n\t\t\t\tT\u00e9moignages\t\t\t<\/h2>\n\t\t\t\t\t<\/div>\n<\/div>[vc_empty_space height=&#8221;14px&#8221;]<div class=\"mkdf-testimonials-holder mkdf-testimonials-standard  clearfix\"><div class=\"mkdf-testimonials mkdf-owl-slider\" data-number-of-items=\"1\" data-enable-loop=\"yes\" data-enable-autoplay=\"yes\" data-slider-speed=\"5000\" data-slider-speed-animation=\"600\" data-enable-navigation=\"yes\" data-enable-pagination=\"yes\" data-slider-animate-in=\"fadeInLeft\" data-slider-animate-out=\"fadeOutRight\"><div class=\"mkdf-testimonial-content\" id=\"mkdf-testimonials-4439\">\n\t<div class=\"mkdf-testimonial-quotes-holder\"><\/div>\n\t<div class=\"mkdf-testimonial-text-holder\">\n\t\t\t\t\t<h2 itemprop=\"name\" class=\"mkdf-testimonial-title entry-title\">26\/4\/2018<\/h2>\n\t\t\t\t\t\t\t<p class=\"mkdf-testimonial-text\">Des expertes comme toujours super comp\u00e9tentes Merci \ud83d\ude42<\/p>\n\t\t\t\t\t\t\t<h5 class=\"mkdf-testimonial-author\">\n\t\t\t\t<span class=\"mkdf-testimonials-author-name\">Regina B. <\/span>\n\t\t\t<\/h5>\n\t\t\t\t\t\t<\/div>\n\t<\/div><div class=\"mkdf-testimonial-content\" id=\"mkdf-testimonials-4437\">\n\t<div class=\"mkdf-testimonial-quotes-holder\"><\/div>\n\t<div class=\"mkdf-testimonial-text-holder\">\n\t\t\t\t\t<h2 itemprop=\"name\" class=\"mkdf-testimonial-title entry-title\">22\/4\/2018<\/h2>\n\t\t\t\t\t\t\t<p class=\"mkdf-testimonial-text\">Tr\u00e8s belle rencontre tr\u00e8s satisfaite merci<\/p>\n\t\t\t\t\t\t\t<h5 class=\"mkdf-testimonial-author\">\n\t\t\t\t<span class=\"mkdf-testimonials-author-name\">Manuela A. <\/span>\n\t\t\t<\/h5>\n\t\t\t\t\t\t<\/div>\n\t<\/div><div class=\"mkdf-testimonial-content\" id=\"mkdf-testimonials-4438\">\n\t<div class=\"mkdf-testimonial-quotes-holder\"><\/div>\n\t<div class=\"mkdf-testimonial-text-holder\">\n\t\t\t\t\t<h2 itemprop=\"name\" class=\"mkdf-testimonial-title entry-title\">29\/3\/2018<\/h2>\n\t\t\t\t\t\t\t<p class=\"mkdf-testimonial-text\">J\u2019ai \u00e9t\u00e9 extr\u00eamement bien conseill\u00e9e par les expertes que je recommande.<\/p>\n\t\t\t\t\t\t\t<h5 class=\"mkdf-testimonial-author\">\n\t\t\t\t<span class=\"mkdf-testimonials-author-name\">Katia T.<\/span>\n\t\t\t<\/h5>\n\t\t\t\t\t\t<\/div>\n\t<\/div><\/div><\/div>[vc_empty_space height=&#8221;70px&#8221;]\t\t<\/div>\n\t<\/div>\n<\/div><\/div>[\/vc_column][\/vc_row][vc_row row_content_width=&#8221;grid&#8221; disable_background_image=&#8221;&#8221; content_text_aligment=&#8221;left&#8221; css=&#8221;.vc_custom_1526369421879{padding-top: 0px !important;}&#8221; simple_background_image=&#8221;3449&#8243;][vc_column]<div class=\"mkdf-elements-holder   mkdf-one-column  mkdf-responsive-mode-768 \" ><div class=\"mkdf-eh-item   mkdf-horizontal-alignment-center \"  data-item-class=\"mkdf-eh-custom-7934\" data-1280-1600=\"0px 12%\" data-1024-1280=\"0px 7%\" data-768-1024=\"0px 5%\" data-680-768=\"0px\" data-680=\"0px\">\n\t\t<div class=\"mkdf-eh-item-inner\">\n\t\t<div class=\"mkdf-eh-item-content mkdf-eh-custom-7934\" style=\"padding: 0px 14%\">\n\t\t\t<div class=\"mkdf-section-title-holder  mkdf-st-standard mkdf-st-title-left mkdf-st-normal-space \" style=\"text-align: center\">\n\t<div class=\"mkdf-st-inner\">\n\t\t\n\t\t\t\t\t\t\t<h2 class=\"mkdf-st-title\" >\n\t\t\t\tBlog et exp\u00e9riences clientes\t\t\t<\/h2>\n\t\t\t\t\t\t\t<h6 class=\"mkdf-st-text\" >\n\t\t\t\tT\u00e9moignages de nos clientes, vid\u00e9os avant\/apr\u00e8s leur passage chez BuiCil, actualit\u00e9s, tendances, d\u00e9couvrez tout l\u2019univers de notre bar \u00e0 cils et sourcils !\t\t\t<\/h6>\n\t\t\t<\/div>\n<\/div>[vc_empty_space height=&#8221;14px&#8221;]<a itemprop=\"url\" href=\"http:\/\/buicil.ch\/blog\/\" target=\"_self\" style=\"color: #ffffff;background-color: #cabeb5;text-transform: none\" class=\"mkdf-btn mkdf-btn-small mkdf-btn-solid mkdf-btn-custom-hover-bg mkdf-btn-custom-hover-color\"  >\n    <span class=\"mkdf-btn-text\">D\u00e9couvrir<\/span>\n    \t<\/a>[vc_empty_space height=&#8221;70px&#8221;]\t\t<\/div>\n\t<\/div>\n<\/div><\/div>[vc_row_inner][vc_column_inner offset=&#8221;vc_hidden-xs&#8221;][vc_basic_grid post_type=&#8221;post&#8221; max_items=&#8221;3&#8243; gap=&#8221;15&#8243; item=&#8221;3208&#8243; grid_id=&#8221;vc_gid:1774006818810-344b9cd2-eb4e-4&#8243; taxonomies=&#8221;107&#8243; el_class=&#8221;res-post-grid-article&#8221;][\/vc_column_inner][\/vc_row_inner][vc_empty_space height=&#8221;50px&#8221;][\/vc_column][\/vc_row][vc_row content_text_aligment=&#8221;center&#8221; css=&#8221;.vc_custom_1517814781982{padding-top: 25px !important;padding-bottom: 50px !important;}&#8221; simple_background_color=&#8221;#fbfaf9&#8243;][vc_column offset=&#8221;vc_hidden-lg vc_hidden-md vc_hidden-sm vc_hidden-xs&#8221;]<div class=\"mkdf-elements-holder   mkdf-one-column  mkdf-responsive-mode-768 \" ><div class=\"mkdf-eh-item  mkdf-vertical-alignment-top mkdf-horizontal-alignment-center \"  data-item-class=\"mkdf-eh-custom-9559\" data-1280-1600=\"0px 12%\" data-1024-1280=\"0px 7%\" data-768-1024=\"0px 5% 0 7%\" data-680-768=\"0px 0 0 7%\" data-680=\"0px 0 0 5%\">\n\t\t<div class=\"mkdf-eh-item-inner\">\n\t\t<div class=\"mkdf-eh-item-content mkdf-eh-custom-9559\" style=\"padding: 0px 14% 10%\">\n\t\t\t<div class=\"mkdf-section-title-holder  mkdf-st-standard mkdf-st-title-left mkdf-st-normal-space \" style=\"text-align: center\">\n\t<div class=\"mkdf-st-inner\">\n\t\t\n\t\t\t\t\t\t\t<h2 class=\"mkdf-st-title\" >\n\t\t\t\tInscivez-vous \u00e0 notre newsletter!\t\t\t<\/h2>\n\t\t\t\t\t<\/div>\n<\/div>[vc_empty_space height=&#8221;10px&#8221;]\t\t<\/div>\n\t<\/div>\n<\/div><\/div>[\/vc_column][\/vc_row][vc_row][vc_column][vc_column_text]<\/p>\n<p>[\/vc_column_text][\/vc_column][\/vc_row]<\/p>\n<\/div>","protected":false},"excerpt":{"rendered":"<p>[vc_row disable_background_image=&#8221;&#8221; simple_background_image=&#8221;3584&#8243; css=&#8221;.vc_custom_1768905594230{padding-top: 150px !important;padding-bottom: 100px !important;}&#8221; el_class=&#8221;header-section&#8221;][vc_column width=&#8221;1\/2&#8243;][\/vc_column][vc_column width=&#8221;1\/2&#8243;][vc_row_inner][vc_column_inner][vc_custom_heading text=&#8221;Are your brows really right for you?&#8221; font_container=&#8221;tag:h1|font_size:60px|text_align:left|color:%23000000|line_height:1em&#8221; css=&#8221;.vc_custom_1774006544744{margin-bottom: 35px !important;}&#8221; el_class=&#8221;header-title titre-home&#8221;][vc_column_text css=&#8221;&#8221;] At BuiCil, we believe your brow shape should not be driven by trends, but by [&hellip;]<\/p>\n","protected":false},"author":2,"featured_media":0,"parent":0,"menu_order":0,"comment_status":"closed","ping_status":"closed","template":"full-width.php","meta":{"footnotes":""},"class_list":["post-4426","page","type-page","status-publish","hentry"],"_links":{"self":[{"href":"https:\/\/buicil.ch\/en\/wp-json\/wp\/v2\/pages\/4426","targetHints":{"allow":["GET"]}}],"collection":[{"href":"https:\/\/buicil.ch\/en\/wp-json\/wp\/v2\/pages"}],"about":[{"href":"https:\/\/buicil.ch\/en\/wp-json\/wp\/v2\/types\/page"}],"author":[{"embeddable":true,"href":"https:\/\/buicil.ch\/en\/wp-json\/wp\/v2\/users\/2"}],"replies":[{"embeddable":true,"href":"https:\/\/buicil.ch\/en\/wp-json\/wp\/v2\/comments?post=4426"}],"version-history":[{"count":53,"href":"https:\/\/buicil.ch\/en\/wp-json\/wp\/v2\/pages\/4426\/revisions"}],"predecessor-version":[{"id":14490,"href":"https:\/\/buicil.ch\/en\/wp-json\/wp\/v2\/pages\/4426\/revisions\/14490"}],"wp:attachment":[{"href":"https:\/\/buicil.ch\/en\/wp-json\/wp\/v2\/media?parent=4426"}],"curies":[{"name":"wp","href":"https:\/\/api.w.org\/{rel}","templated":true}]}}